{"id":43,"date":"2010-08-26T18:09:46","date_gmt":"2010-08-26T21:09:46","guid":{"rendered":"http:\/\/localhost\/wordpress\/?page_id=43"},"modified":"2018-09-20T14:27:50","modified_gmt":"2018-09-20T17:27:50","slug":"ladrillos-comunes","status":"publish","type":"page","link":"https:\/\/www.blancoladrillos.com.ar\/?page_id=43","title":{"rendered":"Ladrillos Comunes"},"content":{"rendered":"<h3><strong>Dimensiones:<\/strong><\/h3>\n<ul>\n<li>Las dimensiones de los ladrillos son 11 cm x 5 cm x 23 cm<\/li>\n<\/ul>\n<div style=\"width: 390px\" class=\"wp-caption aligncenter\"><img decoding=\"async\" loading=\"lazy\" class=\" \" title=\"Ladrillos Comunes\" src=\"\/wp-content\/imagesweb\/dimen_ladrillos.jpg\" alt=\"Ladrillos Comunes\" width=\"380\" height=\"369\" \/><p class=\"wp-caption-text\">Dimensiones de Ladrillos Comunes<\/p><\/div>\n<h3><strong>Cantidad por metro cuadrado (m<sup>2<\/sup>):<\/strong><\/h3>\n<ul>\n<li>60 unidades por m<sup>2<\/sup><\/li>\n<\/ul>\n<h3><strong>Im\u00e1genes del producto:<\/strong><\/h3>\n<div style=\"width: 490px\" class=\"wp-caption aligncenter\"><img decoding=\"async\" loading=\"lazy\" title=\"Ladrillos Comunes\" src=\"\/wp-content\/imagesweb\/prod_det_comun2.jpg\" alt=\"Ladrillos Comunes\" width=\"480\" height=\"375\" \/><p class=\"wp-caption-text\">Ladrillos Comunes<\/p><\/div>\n<div style=\"width: 490px\" class=\"wp-caption aligncenter\"><img decoding=\"async\" loading=\"lazy\" title=\"Ladrillos Comunes\" src=\"\/wp-content\/imagesweb\/prod_det_comun5.jpg\" alt=\"Ladrillos Comunes\" width=\"480\" height=\"375\" \/><p class=\"wp-caption-text\">Ladrillos Comunes<\/p><\/div>\n<h3>Carlos Blanco<br \/>\nF\u00e1brica de Ladrillos<\/h3>\n<p>Direcci\u00f3n: Ruta 55 Km 67.5\u00a0 (7620) Balcarce<br \/>\nCelular: 02266 &#8211; 15 639068<br \/>\nT\u00e9lefono \/ Fax:\u00a0 02266 &#8211; 424483<br \/>\nEmail: <a href=\"mailto:marcelo@blancoladrillos.com.ar\">marcelo@blancoladrillos.com.ar<\/a><\/p>\n","protected":false},"excerpt":{"rendered":"<p>Dimensiones: Las dimensiones de los ladrillos son 11 cm x 5 cm x 23 cm Cantidad por metro cuadrado (m2): 60 unidades por m2 Im\u00e1genes del producto: Carlos Blanco F\u00e1brica de Ladrillos Direcci\u00f3n: Ruta 55 Km 67.5\u00a0 (7620) Balcarce Celular: 02266 &#8211; 15 639068 T\u00e9lefono \/ Fax:\u00a0 02266 &#8211; 424483 Email: marcelo@blancoladrillos.com.ar<\/p>\n","protected":false},"author":6667,"featured_media":0,"parent":26,"menu_order":0,"comment_status":"closed","ping_status":"open","template":"","meta":{"footnotes":""},"_links":{"self":[{"href":"https:\/\/www.blancoladrillos.com.ar\/index.php?rest_route=\/wp\/v2\/pages\/43"}],"collection":[{"href":"https:\/\/www.blancoladrillos.com.ar\/index.php?rest_route=\/wp\/v2\/pages"}],"about":[{"href":"https:\/\/www.blancoladrillos.com.ar\/index.php?rest_route=\/wp\/v2\/types\/page"}],"author":[{"embeddable":true,"href":"https:\/\/www.blancoladrillos.com.ar\/index.php?rest_route=\/wp\/v2\/users\/6667"}],"replies":[{"embeddable":true,"href":"https:\/\/www.blancoladrillos.com.ar\/index.php?rest_route=%2Fwp%2Fv2%2Fcomments&post=43"}],"version-history":[{"count":30,"href":"https:\/\/www.blancoladrillos.com.ar\/index.php?rest_route=\/wp\/v2\/pages\/43\/revisions"}],"predecessor-version":[{"id":217,"href":"https:\/\/www.blancoladrillos.com.ar\/index.php?rest_route=\/wp\/v2\/pages\/43\/revisions\/217"}],"up":[{"embeddable":true,"href":"https:\/\/www.blancoladrillos.com.ar\/index.php?rest_route=\/wp\/v2\/pages\/26"}],"wp:attachment":[{"href":"https:\/\/www.blancoladrillos.com.ar\/index.php?rest_route=%2Fwp%2Fv2%2Fmedia&parent=43"}],"curies":[{"name":"wp","href":"https:\/\/api.w.org\/{rel}","templated":true}]}}